

{"id":21462,"date":"2017-10-05T14:46:01","date_gmt":"2017-10-05T12:46:01","guid":{"rendered":"http:\/\/www.bimotheque.com\/en\/mentions-legales\/"},"modified":"2018-03-16T14:06:57","modified_gmt":"2018-03-16T13:06:57","slug":"mentions-legales","status":"publish","type":"page","link":"https:\/\/www.bimotheque.com\/en\/mentions-legales\/","title":{"rendered":"Mentions l\u00e9gales"},"content":{"rendered":"<p>Raison sociale, forme juridique, adresse de l\u2019\u00e9tablissement ou du si\u00e8ge social, montant du capital social, RCS :<\/p>\n<p>Atlantic Soci\u00e9t\u00e9 Fran\u00e7aise de D\u00e9veloppement Thermique<br \/>\nS.A. \u00e0 Directoire et Conseil de Surveillance au capital de 13 989 852.50 euros<br \/>\n44 Boulevard des Etats-Unis 85000 La Roche-sur-Yon<br \/>\n562 053 173 R.C.S. La Roche-sur-Yon<\/p>\n<p>Nom du directeur de la publication<br \/>\nPierre Louis FRANCOIS<\/p>\n<p>Coordonn\u00e9es de l\u2019h\u00e9bergeur du site<br \/>\nInfomaniak Network SA<br \/>\nAvenue de la Praille 26, 1227 Gen\u00e8ve, Suisse<br \/>\n+41 22 820 35 44<\/p>\n<p>&nbsp;<\/p>\n<p>&nbsp;<\/p>\n<p style=\"text-align: center;\"><strong>Conditions g\u00e9n\u00e9rales d&#8217;utilisation <\/strong><strong>Bimoth\u00e8que<\/strong><\/p>\n<p><strong>\u00a0<\/strong><\/p>\n<p>Le pr\u00e9sent site (Ci-apr\u00e8s \u00ab\u00a0le Site\u00bb) est mise \u00e0 disposition selon les termes des pr\u00e9sentes conditions g\u00e9n\u00e9rales par la Soci\u00e9t\u00e9 Fran\u00e7aise de D\u00e9veloppement Thermique \u00a0(Ci-apr\u00e8s \u00ab\u00a0la Soci\u00e9t\u00e9\u00a0\u00bb), Soci\u00e9t\u00e9 anonyme \u00e0 directoire et conseil de surveillance au capital de 13 730 600 euros immatricul\u00e9e au RCS de La Roche sur Yon sous le num\u00e9ro 562 053 173 dont le si\u00e8ge social est situ\u00e9 44 boulevard des Etats Unis, 85000 La Roche sur Yon.<strong>\u00a0<\/strong><\/p>\n<p>L&#8217;utilisation du Site est r\u00e9gie par les pr\u00e9sentes conditions g\u00e9n\u00e9rales d&#8217;utilisation. Tout individu ou entit\u00e9 qui acc\u00e8de, quelle qu&#8217;en soit la raison, au Site et \u00e0 son contenu est automatiquement, enti\u00e8rement et sans r\u00e9serve li\u00e9 aux pr\u00e9sentes conditions. Le simple fait de naviguer ou utiliser le Site implique l\u2019acceptation enti\u00e8re des pr\u00e9sentes conditions.<\/p>\n<p>La Soci\u00e9t\u00e9, qui met \u00e0 disposition le Site, se r\u00e9serve le droit de modifier \u00e0 tout moment, \u00e0 sa seule convenance et sans pr\u00e9avis les pr\u00e9sentes Conditions d&#8217;utilisation. Toute \u00e9ventuelle modification des pr\u00e9sentes Conditions d&#8217;utilisation entrera en vigueur d\u00e8s sa mise en ligne.<\/p>\n<p>&nbsp;<\/p>\n<h2>D\u00e9finitions des termes :<\/h2>\n<p>Le terme \u00ab<strong>Utilisateur<\/strong>\u00bb utilis\u00e9 dans les pr\u00e9sentes Conditions d&#8217;utilisation fait r\u00e9f\u00e9rence indiff\u00e9remment aux individus et\/ou entit\u00e9s qui acc\u00e8dent, quelle qu&#8217;en soit la raison, au Site.<\/p>\n<p>Le terme \u00ab<strong>Site<\/strong>\u00bb fait r\u00e9f\u00e9rence au site <a href=\"http:\/\/www.bimoth\u00e8que.com\/\">www.bimoth\u00e8que.com<\/a>, \u00e0 ses diff\u00e9rents plugin ainsi qu&#8217;\u00e0 tout son Contenu.<\/p>\n<p>Le terme \u00ab<strong>Contenu<\/strong>\u00bb fait r\u00e9f\u00e9rence \u00e0 tous les contenus qui se retrouvent dans le Site, \u00e0 toutes les pages du Site, \u00e0 toutes les images du\u00a0 Site, \u00e0 tous les fichiers du Site, \u00e0 la pr\u00e9sentation le Site ainsi qu&#8217;au code html, xml et javascript de toutes les pages le Site.<\/p>\n<p>&nbsp;<\/p>\n<h2>Qu&#8217;est-ce que le Site ?<\/h2>\n<p>Le Site est un outil permettant de t\u00e9l\u00e9charger l\u2019ensemble des fichiers BIM des produits commercialis\u00e9s par la Soci\u00e9t\u00e9 et ses filiales.<\/p>\n<p>&nbsp;<\/p>\n<h2>Vigilance et s\u00e9curit\u00e9 personnelle<\/h2>\n<p>AFIN DE PROT\u00c9GER VOTRE IDENTIT\u00c9 DANS L\u2019APPLICATION, LA SOCIETE VOUS RECOMMANDE FORTEMENT DE MAINTENIR VOTRE MOT DE PASSE TOTALEMENT CONFIDENTIEL, D&#8217;UTILISER UN MOT DE PASSE DIFFICILE \u00c0 TROUVER (EXEMPLE : UN MOT DE PASSE QUI CONTIENT \u00c0 LA FOIS DES LETTRES ET DES CHIFFRES ET QUI NE RESSEMBLE EN RIEN \u00c0 VOTRE NOM DE UTILISATEUR) ET DE NE PAS UTILISER LA FONCTION \u00abSE SOUVENIR DE MOI\u00bbLORSQUE VOUS UTILISEZ UN ORDINATEUR PARTAG\u00c9 OU PUBLIC. EN AUCUN CAS, UN UTILISATEUR DU PERSONNEL DE LA SOCI\u00c9T\u00c9 VOUS CONTACTERA POUR VOUS DEMANDER VOTRE MOT DE PASSE.<\/p>\n<p>&nbsp;<\/p>\n<h2>Vos responsabilit\u00e9s, certifications, accords et consentements<\/h2>\n<p>Chaque Utilisateur du Site:<\/p>\n<ul>\n<li>s\u2019 engage \u00e0 respecter lors de son utilisation du Site les pr\u00e9sentes conditions g\u00e9n\u00e9rales ainsi que les lois et r\u00e8glements en vigueur.<\/li>\n<li>est pleinement responsable de la v\u00e9rification des informations qu\u2019il recueille sur le Site.<\/li>\n<li>est pleinement responsable des cons\u00e9quences directes ou indirectes, quelle qu&#8217;en soit leur nature, de l&#8217;utilisation du Site et de son Contenu.<\/li>\n<\/ul>\n<p>L\u2019Utilisateur est inform\u00e9 et accepte que la Soci\u00e9t\u00e9 se r\u00e9serve le droit, en cas de violation de l&#8217;une quelconque des dispositions des pr\u00e9sentes Conditions g\u00e9n\u00e9rales ou d&#8217;infraction aux lois et r\u00e8glements en vigueur, de :<\/p>\n<ul>\n<li>suspendre ou mettre fin \u00e0 l\u2019acc\u00e8s au Site de l\u2019Utilisateur,<\/li>\n<li>prendre toutes mesures appropri\u00e9es et engager toute action en justice,<\/li>\n<li>avertir le cas \u00e9ch\u00e9ant les autorit\u00e9s comp\u00e9tentes, coop\u00e9rer avec elles et leur fournir toutes les informations utiles \u00e0 la recherche et \u00e0 la r\u00e9pression d&#8217;activit\u00e9s ill\u00e9gales ou illicites.<\/li>\n<\/ul>\n<p>&nbsp;<\/p>\n<h2>Actions et comportements interdits<\/h2>\n<p>Il est interdit de vendre, modifier, reproduire, copier, distribuer ou faire toute autre utilisation du Contenu du Site \u00e0 des fins publiques ou commerciales sans l&#8217;autorisation expresse de la Soci\u00e9t\u00e9.<\/p>\n<p>Il est interdit d&#8217;utiliser, quel qu&#8217;en soit le but ou la raison, le Contenu du Site sur un autre site internet ou r\u00e9seau intranet sans l&#8217;autorisation pr\u00e9alable et \u00e9crite de la Soci\u00e9t\u00e9.<\/p>\n<p>Il est interdit d&#8217;acc\u00e9der ou tenter d&#8217;acc\u00e9der au compte d&#8217;un autre Utilisateur.<\/p>\n<p>Il est interdit d&#8217;utiliser du Site pour transmettre, distribuer ou d\u00e9truire son Contenu en violation de toute loi ou r\u00e8glement applicable.<\/p>\n<p>Il est interdit d&#8217;utiliser du Site d&#8217;une fa\u00e7on qui violerait les lois et r\u00e8glements en vigueur et notamment les droits d&#8217;auteur, marques de commerce, secrets de commerce ou tout autre droit de propri\u00e9t\u00e9 intellectuelle de la Soci\u00e9t\u00e9, de tiers ou qui violerait la vie priv\u00e9e (incluant ses donn\u00e9es personnelles), ou tout autre droit personnel de tiers.<\/p>\n<p>Il est interdit de violer ou de tenter de violer la s\u00e9curit\u00e9 du Site, de tester la vuln\u00e9rabilit\u00e9 technique du Site ou d\u2019essayer de perturber l&#8217;acc\u00e8s au Site ou les services offerts dans le Site.<\/p>\n<p>Il est interdit d&#8217;utiliser un logiciel destin\u00e9 \u00e0 modifier l&#8217;apparence du Site.<\/p>\n<p>&nbsp;<\/p>\n<h2>Droits, engagements, garanties et responsabilit\u00e9s de la Soci\u00e9t\u00e9<\/h2>\n<p>Le Site a pour objet de fournir une information concernant l\u2019ensemble des produits de la Soci\u00e9t\u00e9.<\/p>\n<p>La Soci\u00e9t\u00e9 s\u2019efforce de fournir sur le Site des informations aussi pr\u00e9cises que possible. Toutefois, elle ne pourra \u00eatre tenue responsable des omissions, des inexactitudes et des carences dans la mise \u00e0 jour, qu\u2019elles soient de son fait ou du fait des tiers partenaires qui lui fournissent ces informations.<\/p>\n<p>Tous les informations indiqu\u00e9es sur le Site sont donn\u00e9es \u00e0 titre indicatif, et sont susceptibles d\u2019\u00e9voluer. Par ailleurs, les renseignements figurant sur le Site ne sont pas exhaustifs. Ils sont donn\u00e9s sous r\u00e9serve de modifications ayant \u00e9t\u00e9 apport\u00e9es depuis leur mise en ligne.<\/p>\n<p>La Soci\u00e9t\u00e9 n&#8217;assume aucune responsabilit\u00e9 quant aux cons\u00e9quences directes ou indirectes, quelle qu&#8217;en soit la nature, de l&#8217;utilisation du Site et de son Contenu. Notamment, la Soci\u00e9t\u00e9 ne pourra \u00eatre tenue responsable des prescriptions faites par l\u2019Utilisateur aupr\u00e8s de ses clients finaux s\u2019agissant par exemple du type de produit, du mod\u00e8le de produit ou de la puissance du produit \u00e0 installer.<strong>\u00a0<\/strong><\/p>\n<p>La Soci\u00e9t\u00e9 n&#8217;assume aucune responsabilit\u00e9 quant aux cons\u00e9quences directes ou indirectes, quelle qu&#8217;en soit la nature, d&#8217;une ou de plusieurs modifications planifi\u00e9es ou non du Site, de son Contenu et\/ou de sa base de donn\u00e9es.<strong>\u00a0<\/strong><\/p>\n<p>La Soci\u00e9t\u00e9 n&#8217;assume aucune responsabilit\u00e9 quant \u00e0 tout co\u00fbt d\u00e9fray\u00e9 pour utiliser le Site (connexion internet, frais de t\u00e9l\u00e9phone, etc.).<\/p>\n<p>La Soci\u00e9t\u00e9 se r\u00e9serve le droit, sans pr\u00e9avis et \u00e0 seule convenance, de d\u00e9placer, supprimer, limiter l&#8217;acc\u00e8s ou au contraire maintenir sur le Site tout Contenu du Site.<\/p>\n<p>La Soci\u00e9t\u00e9 se r\u00e9serve le droit, sans pr\u00e9avis et \u00e0 sa seule convenance, de fermer, bannir, modifier ou supprimer le compte d&#8217;un ou plusieurs Utilisateurs ainsi que de limiter et\/ou interdire l&#8217;acc\u00e8s au Site d&#8217;un ou plusieurs Utilisateurs.<\/p>\n<p>La Soci\u00e9t\u00e9 ne garantit pas une efficacit\u00e9 ni une s\u00e9curit\u00e9 totale du Site et n&#8217;assume aucune responsabilit\u00e9 quant au(x) dommage(s), perte(s) ou tout autre cons\u00e9quence occasionn\u00e9e par des probl\u00e8mes relatifs \u00e0 l&#8217;efficacit\u00e9 ou la s\u00e9curit\u00e9 du Site. La Soci\u00e9t\u00e9 n&#8217;assume aucune responsabilit\u00e9 quant \u00e0 tout probl\u00e8me ou raison d\u00e9pendant ou ind\u00e9pendant de la Soci\u00e9t\u00e9 qui rendrait la navigation difficile sur le Site, emp\u00eacherait un acc\u00e8s complet ou partiel au Site ou permettrait \u00e0 un ou des Utilisateurs malfaiteurs d&#8217;acc\u00e9der aux informations personnelles ou au(x) compte(s) d&#8217;un ou de plusieurs Utilisateurs.<\/p>\n<p>La Soci\u00e9t\u00e9 n&#8217;assume aucune responsabilit\u00e9 quant \u00e0 la disponibilit\u00e9 et au contenu de sites internet tiers auxquels l\u2019Utilisateur acc\u00e9derait par l&#8217;interm\u00e9diaire du Site ou quant au bon fonctionnement des liens vers ces sites.<\/p>\n<p>La Soci\u00e9t\u00e9 se r\u00e9serve le droit de fermer, \u00e0 n&#8217;importe quel moment, sans pr\u00e9avis, \u00e0 sa seule convenance, temporairement ou en permanence, le Site et n&#8217;assume aucune responsabilit\u00e9 quant aux cons\u00e9quences occasionn\u00e9es, directes ou indirectes, par les fermetures du Site.<\/p>\n<p>&nbsp;<\/p>\n<h2>Vie priv\u00e9e et confidentialit\u00e9<\/h2>\n<p>La Soci\u00e9t\u00e9 s&#8217;engage \u00e0 ne jamais vendre, \u00e9changer ou louer les informations personnelles des Utilisateurs. Il peut arriver que la Soci\u00e9t\u00e9 divulgue des statistiques g\u00e9n\u00e9rales sur l&#8217;ensemble des Utilisateurs du Site, mais cela est toujours fait de mani\u00e8re \u00e0 ce qu&#8217;aucun Utilisateur ne puisse \u00eatre identifi\u00e9 personnellement par un tiers.<\/p>\n<p>La Soci\u00e9t\u00e9 s&#8217;engage \u00e9galement, d&#8217;une part, \u00e0 ne jamais envoyer aux Utilisateurs de courriels non sollicit\u00e9s et, d&#8217;autre part, \u00e0 laisser le plein contr\u00f4le aux Utilisateurs de tous les courriels qu&#8217;ils re\u00e7oivent en provenance du Site. Les Utilisateurs peuvent \u00e0 tout moment sp\u00e9cifier dans leur compte Utilisateur les courriels et notifications qu&#8217;ils d\u00e9sirent ou ne d\u00e9sirent pas. La Soci\u00e9t\u00e9 s&#8217;engage \u00e0 respecter les sp\u00e9cifications des Utilisateurs dans leur compte d\u2019Utilisateur relatives aux courriels et aux notifications des nouveaux messages.<\/p>\n<p>Les Utilisateurs du Site ont le plein contr\u00f4le sur toutes les informations personnelles des clients finaux qu\u2019ils compl\u00e8tent dans le Site. A ce titre, les Utilisateurs sont seuls responsables du n\u00e9cessaire respect de la l\u00e9gislation sur l\u2019informatique et les libert\u00e9s.<\/p>\n<p>&nbsp;<\/p>\n<h2>Juridiction<\/h2>\n<p>Les pr\u00e9sentes conditions d&#8217;utilisation sont r\u00e9gies, interpr\u00e9t\u00e9es et appliqu\u00e9es conform\u00e9ment au droit fran\u00e7ais.<\/p>\n<p>Les tribunaux fran\u00e7ais seront seuls comp\u00e9tents pour conna\u00eetre de tout litige relatif aux pr\u00e9sentes, y compris, sans que cette \u00e9num\u00e9ration soit limitative, leur validit\u00e9, leur interpr\u00e9tation, leur ex\u00e9cution et\/ou leur r\u00e9siliation et ses cons\u00e9quences.<\/p>\n<p>&nbsp;<\/p>\n<p>&nbsp;<\/p>\n","protected":false},"excerpt":{"rendered":"<p>Raison sociale, forme juridique, adresse de l\u2019\u00e9tablissement ou du si\u00e8ge social, montant du capital social, RCS : Atlantic Soci\u00e9t\u00e9 Fran\u00e7aise de D\u00e9veloppement Thermique S.A. \u00e0 Directoire et Conseil de Surveillance au capital de 13 989 852.50 euros 44 Boulevard des Etats-Unis 85000 La Roche-sur-Yon 562 053 173 R.C.S. La Roche-sur-Yon Nom du directeur de la publication [&hellip;]<\/p>\n","protected":false},"author":1,"featured_media":0,"parent":0,"menu_order":0,"comment_status":"closed","ping_status":"closed","template":"","meta":{"footnotes":""},"class_list":["post-21462","page","type-page","status-publish","hentry"],"_links":{"self":[{"href":"https:\/\/www.bimotheque.com\/en\/wp-json\/wp\/v2\/pages\/21462","targetHints":{"allow":["GET"]}}],"collection":[{"href":"https:\/\/www.bimotheque.com\/en\/wp-json\/wp\/v2\/pages"}],"about":[{"href":"https:\/\/www.bimotheque.com\/en\/wp-json\/wp\/v2\/types\/page"}],"author":[{"embeddable":true,"href":"https:\/\/www.bimotheque.com\/en\/wp-json\/wp\/v2\/users\/1"}],"replies":[{"embeddable":true,"href":"https:\/\/www.bimotheque.com\/en\/wp-json\/wp\/v2\/comments?post=21462"}],"version-history":[{"count":0,"href":"https:\/\/www.bimotheque.com\/en\/wp-json\/wp\/v2\/pages\/21462\/revisions"}],"wp:attachment":[{"href":"https:\/\/www.bimotheque.com\/en\/wp-json\/wp\/v2\/media?parent=21462"}],"curies":[{"name":"wp","href":"https:\/\/api.w.org\/{rel}","templated":true}]}}